{"id":178,"date":"2026-01-13T11:56:16","date_gmt":"2026-01-13T10:56:16","guid":{"rendered":"https:\/\/www.kecexpress.com\/?page_id=178"},"modified":"2026-04-12T13:32:37","modified_gmt":"2026-04-12T11:32:37","slug":"nous-rejoindre","status":"publish","type":"page","link":"https:\/\/www.kecexpress.com\/index.php\/nous-rejoindre\/","title":{"rendered":"Nous rejoindre"},"content":{"rendered":"\n<p><\/p>\n\n\n\n<figure class=\"wp-block-image size-large is-style-cpl-crop ghostkit-custom-ZWGWge\"><img loading=\"lazy\" decoding=\"async\" width=\"1024\" height=\"576\" src=\"https:\/\/www.kecexpress.com\/wp-content\/uploads\/2026\/01\/RSI_Apollo_Promo_Doctor_PJ01-1280x720-1-1024x576.jpg\" alt=\"\" class=\"wp-image-179\" style=\"aspect-ratio:16\/9;object-fit:contain\" srcset=\"https:\/\/www.kecexpress.com\/wp-content\/uploads\/2026\/01\/RSI_Apollo_Promo_Doctor_PJ01-1280x720-1-1024x576.jpg 1024w, https:\/\/www.kecexpress.com\/wp-content\/uploads\/2026\/01\/RSI_Apollo_Promo_Doctor_PJ01-1280x720-1-300x169.jpg 300w, https:\/\/www.kecexpress.com\/wp-content\/uploads\/2026\/01\/RSI_Apollo_Promo_Doctor_PJ01-1280x720-1-768x432.jpg 768w, https:\/\/www.kecexpress.com\/wp-content\/uploads\/2026\/01\/RSI_Apollo_Promo_Doctor_PJ01-1280x720-1-500x281.jpg 500w, https:\/\/www.kecexpress.com\/wp-content\/uploads\/2026\/01\/RSI_Apollo_Promo_Doctor_PJ01-1280x720-1-800x450.jpg 800w, https:\/\/www.kecexpress.com\/wp-content\/uploads\/2026\/01\/RSI_Apollo_Promo_Doctor_PJ01-1280x720-1-600x338.jpg 600w, https:\/\/www.kecexpress.com\/wp-content\/uploads\/2026\/01\/RSI_Apollo_Promo_Doctor_PJ01-1280x720-1-48x27.jpg 48w, https:\/\/www.kecexpress.com\/wp-content\/uploads\/2026\/01\/RSI_Apollo_Promo_Doctor_PJ01-1280x720-1-570x321.jpg 570w, https:\/\/www.kecexpress.com\/wp-content\/uploads\/2026\/01\/RSI_Apollo_Promo_Doctor_PJ01-1280x720-1.jpg 1280w\" sizes=\"auto, (max-width: 1024px) 100vw, 1024px\" \/><\/figure>\n\n\n\n<div style=\"height:50px\" aria-hidden=\"true\" class=\"wp-block-spacer\"><\/div>\n\n\n\n<p>Rejoindre la KEC, c&rsquo;est rejoindre une \u00e9quipe soud\u00e9e, dynamique et organis\u00e9e.<br>Pour postuler, il suffit de suivre ces deux \u00e9tapes : <\/p>\n\n\n\n<div style=\"height:50px\" aria-hidden=\"true\" class=\"wp-block-spacer\"><\/div>\n\n\n\n<p><strong><mark style=\"background-color:rgba(0, 0, 0, 0)\" class=\"has-inline-color has-cpl-brand-color\">1.<\/mark><\/strong> Rejoindre le serveur Discord de la team en cliquant sur le bouton ci-dessous.<\/p>\n\n\n\n<div class=\"wp-block-buttons is-content-justification-center is-layout-flex wp-container-core-buttons-is-layout-16018d1d wp-block-buttons-is-layout-flex\">\n<div class=\"wp-block-button\"><a class=\"wp-block-button__link wp-element-button\" href=\"https:\/\/discord.com\/invite\/VAp8RBA\">Rejoindre DISCORD KEC<\/a><\/div>\n<\/div>\n\n\n\n<p><strong><mark style=\"background-color:rgba(0, 0, 0, 0)\" class=\"has-inline-color has-cpl-brand-color\">2.<\/mark><\/strong> Remplir le formulaire d&rsquo;inscription en cliquant sur le bouton ci-dessous.<\/p>\n\n\n\n<div class=\"wp-block-buttons is-content-justification-center is-layout-flex wp-container-core-buttons-is-layout-16018d1d wp-block-buttons-is-layout-flex\">\n<div class=\"wp-block-button\"><a class=\"wp-block-button__link wp-element-button\" href=\"https:\/\/www.kecexpress.com\/index.php\/inscription\/\">Acceder au formulaire<\/a><\/div>\n<\/div>\n\n\n\n<div style=\"height:50px\" aria-hidden=\"true\" class=\"wp-block-spacer\"><\/div>\n\n\n\n<p>Une r\u00e9ponse vous sera apport\u00e9e sur Discord avec la date de votre entretien en jeu.<\/p>\n","protected":false},"excerpt":{"rendered":"<p>Rejoindre la KEC, c&rsquo;est rejoindre une \u00e9quipe soud\u00e9e, dynamique et organis\u00e9e.Pour postuler, il suffit de suivre ces deux \u00e9tapes :&#8230;<\/p>\n","protected":false},"author":1,"featured_media":0,"parent":0,"menu_order":0,"comment_status":"closed","ping_status":"closed","template":"","meta":{"ghostkit_customizer_options":"","ghostkit_custom_css":"","ghostkit_custom_js_head":"","ghostkit_custom_js_foot":"","ghostkit_typography":"","_vp_format_video_url":"","_vp_image_focal_point":[],"_cpl_content_size":"","_cpl_sidebar":"no","_cpl_disabled_page_elements":[],"_cpl_disabled_page_margins":[],"footnotes":""},"class_list":["post-178","page","type-page","status-publish","hentry"],"_links":{"self":[{"href":"https:\/\/www.kecexpress.com\/index.php\/wp-json\/wp\/v2\/pages\/178","targetHints":{"allow":["GET"]}}],"collection":[{"href":"https:\/\/www.kecexpress.com\/index.php\/wp-json\/wp\/v2\/pages"}],"about":[{"href":"https:\/\/www.kecexpress.com\/index.php\/wp-json\/wp\/v2\/types\/page"}],"author":[{"embeddable":true,"href":"https:\/\/www.kecexpress.com\/index.php\/wp-json\/wp\/v2\/users\/1"}],"replies":[{"embeddable":true,"href":"https:\/\/www.kecexpress.com\/index.php\/wp-json\/wp\/v2\/comments?post=178"}],"version-history":[{"count":14,"href":"https:\/\/www.kecexpress.com\/index.php\/wp-json\/wp\/v2\/pages\/178\/revisions"}],"predecessor-version":[{"id":552,"href":"https:\/\/www.kecexpress.com\/index.php\/wp-json\/wp\/v2\/pages\/178\/revisions\/552"}],"wp:attachment":[{"href":"https:\/\/www.kecexpress.com\/index.php\/wp-json\/wp\/v2\/media?parent=178"}],"curies":[{"name":"wp","href":"https:\/\/api.w.org\/{rel}","templated":true}]}}