{"id":234,"date":"2026-01-13T16:13:41","date_gmt":"2026-01-13T15:13:41","guid":{"rendered":"https:\/\/www.kecexpress.com\/?page_id=234"},"modified":"2026-01-20T18:50:51","modified_gmt":"2026-01-20T17:50:51","slug":"inscription","status":"publish","type":"page","link":"https:\/\/www.kecexpress.com\/index.php\/inscription\/","title":{"rendered":"Formulaire de recrutement"},"content":{"rendered":"<style id=\"wpforms-css-vars-216-block-aad2643a-9d8a-4350-a9bf-4f3d377b2c2f\">\n\t\t\t\t#wpforms-216.wpforms-block-aad2643a-9d8a-4350-a9bf-4f3d377b2c2f {\n\t\t\t\t--wpforms-label-color: #2ea3fd;\n--wpforms-label-sublabel-color: #2ea3fd;\n--wpforms-field-border-color: #2ea3fd;\n--wpforms-field-border-color-spare: #2ea3fd;\n--wpforms-field-text-color: #000000;\n--wpforms-button-border-style: solid;\n--wpforms-button-background-color: #2ea3fd;\n--wpforms-background-image: library;\n--wpforms-background-position: top left;\n--wpforms-background-color: ;\n--wpforms-background-url: url( https:\/\/www.kecexpress.com\/wp-content\/uploads\/2025\/04\/1530449383_jk18c78976711.jpg );\n--wpforms-container-padding: 20px;\n--wpforms-field-size-input-height: 31px;\n--wpforms-field-size-input-spacing: 10px;\n--wpforms-field-size-font-size: 14px;\n--wpforms-field-size-line-height: 17px;\n--wpforms-field-size-padding-h: 9px;\n--wpforms-field-size-checkbox-size: 14px;\n--wpforms-field-size-sublabel-spacing: 5px;\n--wpforms-field-size-icon-size: 0.75;\n--wpforms-label-size-font-size: 14px;\n--wpforms-label-size-line-height: 17px;\n--wpforms-label-size-sublabel-font-size: 13px;\n--wpforms-label-size-sublabel-line-height: 16px;\n--wpforms-button-size-font-size: 14px;\n--wpforms-button-size-height: 37px;\n--wpforms-button-size-padding-h: 15px;\n--wpforms-button-size-margin-top: 5px;\n--wpforms-container-shadow-size-box-shadow: 0px 10px 20px 0px rgba(0, 0, 0, 0.1);\n\t\t\t}\n\t\t\t<\/style><div class=\"wpforms-container wpforms-container-full wpforms-block wpforms-block-aad2643a-9d8a-4350-a9bf-4f3d377b2c2f wpforms-render-modern\" id=\"wpforms-216\"><form id=\"wpforms-form-216\" class=\"wpforms-validate wpforms-form wpforms-ajax-form\" data-formid=\"216\" method=\"post\" enctype=\"multipart\/form-data\" action=\"\/index.php\/wp-json\/wp\/v2\/pages\/234\" data-token=\"96fa013ae31a7c9ffe9b4ed3fda640ad\" data-token-time=\"1777742733\"><noscript class=\"wpforms-error-noscript\">Veuillez activer JavaScript dans votre navigateur pour remplir ce formulaire.<\/noscript><div id=\"wpforms-error-noscript\" style=\"display: none;\">Veuillez activer JavaScript dans votre navigateur pour remplir ce formulaire.<\/div><div class=\"wpforms-field-container\"><div id=\"wpforms-216-field_1-container\" class=\"wpforms-field wpforms-field-text\" data-field-id=\"1\"><label class=\"wpforms-field-label\" for=\"wpforms-216-field_1\">Pseudo Star Citizen (Handle) <span class=\"wpforms-required-label\" aria-hidden=\"true\">*<\/span><\/label><input type=\"text\" id=\"wpforms-216-field_1\" class=\"wpforms-field-medium wpforms-field-required\" name=\"wpforms[fields][1]\" placeholder=\"Indiquez ici votre pseudo en jeu\" aria-errormessage=\"wpforms-216-field_1-error\" required><\/div><div id=\"wpforms-216-field_2-container\" class=\"wpforms-field wpforms-field-text\" data-field-id=\"2\"><label class=\"wpforms-field-label\" for=\"wpforms-216-field_2\">Pseudo Discord <span class=\"wpforms-required-label\" aria-hidden=\"true\">*<\/span><\/label><input type=\"text\" id=\"wpforms-216-field_2\" class=\"wpforms-field-medium wpforms-field-required\" name=\"wpforms[fields][2]\" placeholder=\"Indiquez ici votre pseudo Discord (il doit correspondre \u00e0 votre pseudo Star Citizen sur le serveur Discord KEC)\" aria-errormessage=\"wpforms-216-field_2-error\" required><\/div><div id=\"wpforms-216-field_4-container\" class=\"wpforms-field wpforms-field-text\" data-field-id=\"4\"><label class=\"wpforms-field-label\" for=\"wpforms-216-field_4\">Age <span class=\"wpforms-required-label\" aria-hidden=\"true\">*<\/span><\/label><input type=\"text\" id=\"wpforms-216-field_4\" class=\"wpforms-field-medium wpforms-field-required\" name=\"wpforms[fields][4]\" placeholder=\"Indiquez votre \u00e2ge\" aria-errormessage=\"wpforms-216-field_4-error\" required><\/div><div id=\"wpforms-216-field_3-container\" class=\"wpforms-field wpforms-field-text\" data-field-id=\"3\"><label class=\"wpforms-field-label\" for=\"wpforms-216-field_3\">Votre localisation<\/label><input type=\"text\" id=\"wpforms-216-field_3\" class=\"wpforms-field-medium\" name=\"wpforms[fields][3]\" placeholder=\"Non obligatoire, utilis\u00e9 pour le recensement des membres et l&#039;organisation d&#039;events IRL\" aria-errormessage=\"wpforms-216-field_3-error\" ><\/div><div id=\"wpforms-216-field_6-container\" class=\"wpforms-field wpforms-field-select wpforms-field-select-style-classic\" data-field-id=\"6\"><label class=\"wpforms-field-label\" for=\"wpforms-216-field_6\">Avez-vous d\u00e9j\u00e0 fait partie d&#039;une organisation Star Citizen ? <span class=\"wpforms-required-label\" aria-hidden=\"true\">*<\/span><\/label><select id=\"wpforms-216-field_6\" class=\"wpforms-field-medium wpforms-field-required\" name=\"wpforms[fields][6]\" required=\"required\"><option value=\"\" class=\"placeholder\" disabled  selected='selected'>S\u00e9lectionnez dans la liste<\/option><option value=\"Oui\"  class=\"choice-1 depth-1\"  >Oui<\/option><option value=\"Non\"  class=\"choice-2 depth-1\"  >Non<\/option><\/select><\/div><div id=\"wpforms-216-field_7-container\" class=\"wpforms-field wpforms-field-text\" data-field-id=\"7\"><label class=\"wpforms-field-label\" for=\"wpforms-216-field_7\">Si oui, laquelle ? Lesquelles ?<\/label><input type=\"text\" id=\"wpforms-216-field_7\" class=\"wpforms-field-medium\" name=\"wpforms[fields][7]\" placeholder=\"Indiquez ici le nom des organisations Star Citizen dont vous avez fait partie\" aria-errormessage=\"wpforms-216-field_7-error\" ><\/div><div id=\"wpforms-216-field_8-container\" class=\"wpforms-field wpforms-field-select wpforms-field-select-style-classic\" data-field-id=\"8\"><label class=\"wpforms-field-label\" for=\"wpforms-216-field_8\">Avez-vous d\u00e9j\u00e0 fait partie d&#039;une guilde sur d&#039;autres jeux ? <span class=\"wpforms-required-label\" aria-hidden=\"true\">*<\/span><\/label><select id=\"wpforms-216-field_8\" class=\"wpforms-field-medium wpforms-field-required\" name=\"wpforms[fields][8]\" required=\"required\"><option value=\"\" class=\"placeholder\" disabled  selected='selected'>S\u00e9lectionnez dans la liste<\/option><option value=\"Oui\"  class=\"choice-1 depth-1\"  >Oui<\/option><option value=\"Non\"  class=\"choice-2 depth-1\"  >Non<\/option><\/select><\/div><div id=\"wpforms-216-field_9-container\" class=\"wpforms-field wpforms-field-text\" data-field-id=\"9\"><label class=\"wpforms-field-label\" for=\"wpforms-216-field_9\">Si oui sur quels jeux ?<\/label><input type=\"text\" id=\"wpforms-216-field_9\" class=\"wpforms-field-medium\" name=\"wpforms[fields][9]\" placeholder=\"Indiquez ici les jeux concern\u00e9s\" aria-errormessage=\"wpforms-216-field_9-error\" ><\/div><div id=\"wpforms-216-field_10-container\" class=\"wpforms-field wpforms-field-text\" data-field-id=\"10\"><label class=\"wpforms-field-label\" for=\"wpforms-216-field_10\">Aviez-vous des responsabilit\u00e9s dans cette \/ ces guildes ?<\/label><input type=\"text\" id=\"wpforms-216-field_10\" class=\"wpforms-field-medium\" name=\"wpforms[fields][10]\" placeholder=\"Indiquez ici le r\u00f4le et les responsabilit\u00e9s\" aria-errormessage=\"wpforms-216-field_10-error\" ><\/div><div id=\"wpforms-216-field_11-container\" class=\"wpforms-field wpforms-field-select wpforms-field-select-style-classic\" data-field-id=\"11\"><label class=\"wpforms-field-label\" for=\"wpforms-216-field_11\">Quel temps de jeu \u00eates-vous pr\u00eat \u00e0 consacrer \u00e0 Star Citizen ? <span class=\"wpforms-required-label\" aria-hidden=\"true\">*<\/span><\/label><select id=\"wpforms-216-field_11\" class=\"wpforms-field-medium wpforms-field-required\" name=\"wpforms[fields][11]\" required=\"required\"><option value=\"\" class=\"placeholder\" disabled  selected='selected'>S\u00e9lectionnez dans la liste<\/option><option value=\"1j \/ semaine\"  class=\"choice-1 depth-1\"  >1j \/ semaine<\/option><option value=\"2j \/ semaine\"  class=\"choice-2 depth-1\"  >2j \/ semaine<\/option><option value=\"3j \/ semaine\"  class=\"choice-3 depth-1\"  >3j \/ semaine<\/option><option value=\"4j \/ semaine\"  class=\"choice-4 depth-1\"  >4j \/ semaine<\/option><option value=\"5j \/ semaine\"  class=\"choice-5 depth-1\"  >5j \/ semaine<\/option><option value=\"6j \/ semaine\"  class=\"choice-6 depth-1\"  >6j \/ semaine<\/option><option value=\"Tous les jours\"  class=\"choice-7 depth-1\"  >Tous les jours<\/option><\/select><\/div><div id=\"wpforms-216-field_17-container\" class=\"wpforms-field wpforms-field-checkbox\" data-field-id=\"17\"><fieldset><legend class=\"wpforms-field-label\">Quels sont vos horaires de jeu ? <span class=\"wpforms-required-label\" aria-hidden=\"true\">*<\/span><\/legend><ul id=\"wpforms-216-field_17\" class=\"wpforms-field-required\"><li class=\"choice-1 depth-1\"><input type=\"checkbox\" id=\"wpforms-216-field_17_1\" name=\"wpforms[fields][17][]\" value=\"Lundi\" aria-errormessage=\"wpforms-216-field_17_1-error\" required ><label class=\"wpforms-field-label-inline\" for=\"wpforms-216-field_17_1\">Lundi<\/label><\/li><li class=\"choice-2 depth-1\"><input type=\"checkbox\" id=\"wpforms-216-field_17_2\" name=\"wpforms[fields][17][]\" value=\"Mardi\" aria-errormessage=\"wpforms-216-field_17_2-error\" required ><label class=\"wpforms-field-label-inline\" for=\"wpforms-216-field_17_2\">Mardi<\/label><\/li><li class=\"choice-3 depth-1\"><input type=\"checkbox\" id=\"wpforms-216-field_17_3\" name=\"wpforms[fields][17][]\" value=\"Mercredi\" aria-errormessage=\"wpforms-216-field_17_3-error\" required ><label class=\"wpforms-field-label-inline\" for=\"wpforms-216-field_17_3\">Mercredi<\/label><\/li><li class=\"choice-4 depth-1\"><input type=\"checkbox\" id=\"wpforms-216-field_17_4\" name=\"wpforms[fields][17][]\" value=\"Jeudi\" aria-errormessage=\"wpforms-216-field_17_4-error\" required ><label class=\"wpforms-field-label-inline\" for=\"wpforms-216-field_17_4\">Jeudi<\/label><\/li><li class=\"choice-5 depth-1\"><input type=\"checkbox\" id=\"wpforms-216-field_17_5\" name=\"wpforms[fields][17][]\" value=\"Vendredi\" aria-errormessage=\"wpforms-216-field_17_5-error\" required ><label class=\"wpforms-field-label-inline\" for=\"wpforms-216-field_17_5\">Vendredi<\/label><\/li><li class=\"choice-6 depth-1\"><input type=\"checkbox\" id=\"wpforms-216-field_17_6\" name=\"wpforms[fields][17][]\" value=\"Samedi\" aria-errormessage=\"wpforms-216-field_17_6-error\" required ><label class=\"wpforms-field-label-inline\" for=\"wpforms-216-field_17_6\">Samedi<\/label><\/li><li class=\"choice-7 depth-1\"><input type=\"checkbox\" id=\"wpforms-216-field_17_7\" name=\"wpforms[fields][17][]\" value=\"Dimanche\" aria-errormessage=\"wpforms-216-field_17_7-error\" required ><label class=\"wpforms-field-label-inline\" for=\"wpforms-216-field_17_7\">Dimanche<\/label><\/li><li class=\"choice-8 depth-1\"><input type=\"checkbox\" id=\"wpforms-216-field_17_8\" name=\"wpforms[fields][17][]\" value=\"Le matin\" aria-errormessage=\"wpforms-216-field_17_8-error\" required ><label class=\"wpforms-field-label-inline\" for=\"wpforms-216-field_17_8\">Le matin<\/label><\/li><li class=\"choice-9 depth-1\"><input type=\"checkbox\" id=\"wpforms-216-field_17_9\" name=\"wpforms[fields][17][]\" value=\"L&#039;apr\u00e8s-midi\" aria-errormessage=\"wpforms-216-field_17_9-error\" required ><label class=\"wpforms-field-label-inline\" for=\"wpforms-216-field_17_9\">L&rsquo;apr\u00e8s-midi<\/label><\/li><li class=\"choice-10 depth-1\"><input type=\"checkbox\" id=\"wpforms-216-field_17_10\" name=\"wpforms[fields][17][]\" value=\"Le soir\" aria-errormessage=\"wpforms-216-field_17_10-error\" required ><label class=\"wpforms-field-label-inline\" for=\"wpforms-216-field_17_10\">Le soir<\/label><\/li><\/ul><\/fieldset><\/div><div id=\"wpforms-216-field_19-container\" class=\"wpforms-field wpforms-field-checkbox\" data-field-id=\"19\"><fieldset><legend class=\"wpforms-field-label\">Quel type de gameplay souhaitez-vous jouer dans Star Citizen ? <span class=\"wpforms-required-label\" aria-hidden=\"true\">*<\/span><\/legend><ul id=\"wpforms-216-field_19\" class=\"wpforms-field-required\"><li class=\"choice-1 depth-1\"><input type=\"checkbox\" id=\"wpforms-216-field_19_1\" name=\"wpforms[fields][19][]\" value=\"Minage\" aria-errormessage=\"wpforms-216-field_19_1-error\" required ><label class=\"wpforms-field-label-inline\" for=\"wpforms-216-field_19_1\">Minage<\/label><\/li><li class=\"choice-2 depth-1\"><input type=\"checkbox\" id=\"wpforms-216-field_19_2\" name=\"wpforms[fields][19][]\" value=\"Salvage\" aria-errormessage=\"wpforms-216-field_19_2-error\" required ><label class=\"wpforms-field-label-inline\" for=\"wpforms-216-field_19_2\">Salvage<\/label><\/li><li class=\"choice-3 depth-1\"><input type=\"checkbox\" id=\"wpforms-216-field_19_3\" name=\"wpforms[fields][19][]\" value=\"Transport\" aria-errormessage=\"wpforms-216-field_19_3-error\" required ><label class=\"wpforms-field-label-inline\" for=\"wpforms-216-field_19_3\">Transport<\/label><\/li><li class=\"choice-4 depth-1\"><input type=\"checkbox\" id=\"wpforms-216-field_19_4\" name=\"wpforms[fields][19][]\" value=\"Exploration\" aria-errormessage=\"wpforms-216-field_19_4-error\" required ><label class=\"wpforms-field-label-inline\" for=\"wpforms-216-field_19_4\">Exploration<\/label><\/li><li class=\"choice-5 depth-1\"><input type=\"checkbox\" id=\"wpforms-216-field_19_5\" name=\"wpforms[fields][19][]\" value=\"Escorte\" aria-errormessage=\"wpforms-216-field_19_5-error\" required ><label class=\"wpforms-field-label-inline\" for=\"wpforms-216-field_19_5\">Escorte<\/label><\/li><li class=\"choice-8 depth-1\"><input type=\"checkbox\" id=\"wpforms-216-field_19_8\" name=\"wpforms[fields][19][]\" value=\"FPS\" aria-errormessage=\"wpforms-216-field_19_8-error\" required ><label class=\"wpforms-field-label-inline\" for=\"wpforms-216-field_19_8\">FPS<\/label><\/li><li class=\"choice-6 depth-1\"><input type=\"checkbox\" id=\"wpforms-216-field_19_6\" name=\"wpforms[fields][19][]\" value=\"Ing\u00e9nierie\" aria-errormessage=\"wpforms-216-field_19_6-error\" required ><label class=\"wpforms-field-label-inline\" for=\"wpforms-216-field_19_6\">Ing\u00e9nierie<\/label><\/li><li class=\"choice-7 depth-1\"><input type=\"checkbox\" id=\"wpforms-216-field_19_7\" name=\"wpforms[fields][19][]\" value=\"M\u00e9dical\" aria-errormessage=\"wpforms-216-field_19_7-error\" required ><label class=\"wpforms-field-label-inline\" for=\"wpforms-216-field_19_7\">M\u00e9dical<\/label><\/li><li class=\"choice-9 depth-1\"><input type=\"checkbox\" id=\"wpforms-216-field_19_9\" name=\"wpforms[fields][19][]\" value=\"Mercenariat\" aria-errormessage=\"wpforms-216-field_19_9-error\" required ><label class=\"wpforms-field-label-inline\" for=\"wpforms-216-field_19_9\">Mercenariat<\/label><\/li><li class=\"choice-10 depth-1\"><input type=\"checkbox\" id=\"wpforms-216-field_19_10\" name=\"wpforms[fields][19][]\" value=\"Piraterie\" aria-errormessage=\"wpforms-216-field_19_10-error\" required ><label class=\"wpforms-field-label-inline\" for=\"wpforms-216-field_19_10\">Piraterie<\/label><\/li><\/ul><\/fieldset><\/div>\t\t<div id=\"wpforms-216-field_5-container\"\n\t\t\tclass=\"wpforms-field wpforms-field-text\"\n\t\t\tdata-field-type=\"text\"\n\t\t\tdata-field-id=\"5\"\n\t\t\t>\n\t\t\t<label class=\"wpforms-field-label\" for=\"wpforms-216-field_5\" >la Votre dans<\/label>\n\t\t\t<input type=\"text\" id=\"wpforms-216-field_5\" class=\"wpforms-field-medium\" name=\"wpforms[fields][5]\" >\n\t\t<\/div>\n\t\t<div id=\"wpforms-216-field_14-container\" class=\"wpforms-field wpforms-field-text\" data-field-id=\"14\"><label class=\"wpforms-field-label\" for=\"wpforms-216-field_14\">Autre gameplay<\/label><input type=\"text\" id=\"wpforms-216-field_14\" class=\"wpforms-field-medium\" name=\"wpforms[fields][14]\" placeholder=\"Indiquez ici si le gameplay n&#039;est pas mentionn\u00e9 dans la liste pr\u00e9c\u00e9dente\" aria-errormessage=\"wpforms-216-field_14-error\" ><\/div><div id=\"wpforms-216-field_15-container\" class=\"wpforms-field wpforms-field-text\" data-field-id=\"15\"><label class=\"wpforms-field-label\" for=\"wpforms-216-field_15\">Comment avez-vous connu la KEC ?  <span class=\"wpforms-required-label\" aria-hidden=\"true\">*<\/span><\/label><input type=\"text\" id=\"wpforms-216-field_15\" class=\"wpforms-field-large wpforms-field-required\" name=\"wpforms[fields][15]\" placeholder=\"Indiquez ici si vous avez connu la KEC via Discord, un ami, les r\u00e9seaux sociaux, le site web, Youtube, etc...\" aria-errormessage=\"wpforms-216-field_15-error\" required><\/div><div id=\"wpforms-216-field_16-container\" class=\"wpforms-field wpforms-field-text\" data-field-id=\"16\"><label class=\"wpforms-field-label\" for=\"wpforms-216-field_16\">Que pensez-vous pouvoir apporter \u00e0 la KEC ?  <span class=\"wpforms-required-label\" aria-hidden=\"true\">*<\/span><\/label><input type=\"text\" id=\"wpforms-216-field_16\" class=\"wpforms-field-large wpforms-field-required\" name=\"wpforms[fields][16]\" placeholder=\"Indiquez ici pourquoi vous postulez chez la KEC et ce que vous pensez pouvoir apporter \u00e0 l&#039;\u00e9quipe\" aria-errormessage=\"wpforms-216-field_16-error\" required><\/div><script>\n\t\t\t\t( function() {\n\t\t\t\t\tconst style = document.createElement( 'style' );\n\t\t\t\t\tstyle.appendChild( document.createTextNode( '#wpforms-216-field_5-container { position: absolute !important; overflow: hidden !important; display: inline !important; height: 1px !important; width: 1px !important; z-index: -1000 !important; padding: 0 !important; } #wpforms-216-field_5-container input { visibility: hidden; } #wpforms-conversational-form-page #wpforms-216-field_5-container label { counter-increment: none; }' ) );\n\t\t\t\t\tdocument.head.appendChild( style );\n\t\t\t\t\tdocument.currentScript?.remove();\n\t\t\t\t} )();\n\t\t\t<\/script><\/div><!-- .wpforms-field-container --><div class=\"wpforms-submit-container\" ><input type=\"hidden\" name=\"wpforms[id]\" value=\"216\"><input type=\"hidden\" name=\"page_title\" value=\"\"><input type=\"hidden\" name=\"page_url\" value=\"https:\/\/www.kecexpress.com\/index.php\/wp-json\/wp\/v2\/pages\/234\"><input type=\"hidden\" name=\"url_referer\" value=\"\"><button type=\"submit\" name=\"wpforms[submit]\" id=\"wpforms-submit-216\" class=\"wpforms-submit\" data-alt-text=\"Envoi en cours...\" data-submit-text=\"Envoyer\" aria-live=\"assertive\" value=\"wpforms-submit\">Envoyer<\/button><img loading=\"lazy\" decoding=\"async\" src=\"https:\/\/www.kecexpress.com\/wp-content\/plugins\/wpforms\/assets\/images\/submit-spin.svg\" class=\"wpforms-submit-spinner\" style=\"display: none;\" width=\"26\" height=\"26\" alt=\"Chargement en cours\"><\/div><\/form><\/div>  <!-- .wpforms-container -->","protected":false},"excerpt":{"rendered":"","protected":false},"author":1,"featured_media":0,"parent":0,"menu_order":0,"comment_status":"closed","ping_status":"closed","template":"","meta":{"ghostkit_customizer_options":"","ghostkit_custom_css":"","ghostkit_custom_js_head":"","ghostkit_custom_js_foot":"","ghostkit_typography":"","_vp_format_video_url":"","_vp_image_focal_point":[],"_cpl_content_size":"","_cpl_sidebar":"no","_cpl_disabled_page_elements":[],"_cpl_disabled_page_margins":[],"footnotes":""},"class_list":["post-234","page","type-page","status-publish","hentry"],"_links":{"self":[{"href":"https:\/\/www.kecexpress.com\/index.php\/wp-json\/wp\/v2\/pages\/234","targetHints":{"allow":["GET"]}}],"collection":[{"href":"https:\/\/www.kecexpress.com\/index.php\/wp-json\/wp\/v2\/pages"}],"about":[{"href":"https:\/\/www.kecexpress.com\/index.php\/wp-json\/wp\/v2\/types\/page"}],"author":[{"embeddable":true,"href":"https:\/\/www.kecexpress.com\/index.php\/wp-json\/wp\/v2\/users\/1"}],"replies":[{"embeddable":true,"href":"https:\/\/www.kecexpress.com\/index.php\/wp-json\/wp\/v2\/comments?post=234"}],"version-history":[{"count":3,"href":"https:\/\/www.kecexpress.com\/index.php\/wp-json\/wp\/v2\/pages\/234\/revisions"}],"predecessor-version":[{"id":499,"href":"https:\/\/www.kecexpress.com\/index.php\/wp-json\/wp\/v2\/pages\/234\/revisions\/499"}],"wp:attachment":[{"href":"https:\/\/www.kecexpress.com\/index.php\/wp-json\/wp\/v2\/media?parent=234"}],"curies":[{"name":"wp","href":"https:\/\/api.w.org\/{rel}","templated":true}]}}